{"id":1938,"date":"2017-10-30T17:53:53","date_gmt":"2017-10-30T17:53:53","guid":{"rendered":"https:\/\/ambreballestermusic.com\/?page_id=1938"},"modified":"2021-02-18T21:04:07","modified_gmt":"2021-02-18T21:04:07","slug":"under-construction-coming-soon-page","status":"publish","type":"page","link":"https:\/\/ambreballestermusic.com\/es\/under-construction-coming-soon-page\/","title":{"rendered":"Under Construction &#8211; Coming Soon Page"},"content":{"rendered":"<div data-elementor-type=\"wp-post\" data-elementor-id=\"1938\" class=\"elementor elementor-1938\">\n\t\t\t\t\t\t<section class=\"elementor-section elementor-top-section elementor-element elementor-element-83efac5 elementor-section-height-full elementor-section-content-middle animated-slow elementor-section-boxed elementor-section-height-default elementor-section-items-middle elementor-invisible\" data-id=\"83efac5\" data-element_type=\"section\" data-settings=\"{&quot;background_background&quot;:&quot;classic&quot;,&quot;animation&quot;:&quot;fadeIn&quot;}\">\n\t\t\t\t\t\t\t<div class=\"elementor-background-overlay\"><\/div>\n\t\t\t\t\t\t\t<div class=\"elementor-container elementor-column-gap-default\">\n\t\t\t\t\t<div class=\"elementor-column elementor-col-100 elementor-top-column elementor-element elementor-element-3f24cfb\" data-id=\"3f24cfb\" data-element_type=\"column\">\n\t\t\t<div class=\"elementor-widget-wrap elementor-element-populated\">\n\t\t\t\t\t\t<section class=\"elementor-section elementor-inner-section elementor-element elementor-element-1d61d02 elementor-section-content-middle elementor-section-boxed elementor-section-height-default elementor-section-height-default\" data-id=\"1d61d02\" data-element_type=\"section\">\n\t\t\t\t\t\t<div class=\"elementor-container elementor-column-gap-default\">\n\t\t\t\t\t<div class=\"elementor-column elementor-col-50 elementor-inner-column elementor-element elementor-element-8658d85\" data-id=\"8658d85\" data-element_type=\"column\">\n\t\t\t<div class=\"elementor-widget-wrap elementor-element-populated\">\n\t\t\t\t\t\t<div class=\"elementor-element elementor-element-5eea2de elementor-invisible elementor-widget elementor-widget-heading\" data-id=\"5eea2de\" data-element_type=\"widget\" data-settings=\"{&quot;_animation&quot;:&quot;fadeInUp&quot;,&quot;_animation_delay&quot;:300}\" data-widget_type=\"heading.default\">\n\t\t\t\t<div class=\"elementor-widget-container\">\n\t\t\t<h2 class=\"elementor-heading-title elementor-size-default\">Este sitio web<br>Est\u00e1 viniendo<br>\npronto.<\/h2>\t\t<\/div>\n\t\t\t\t<\/div>\n\t\t\t\t\t<\/div>\n\t\t<\/div>\n\t\t\t\t<div class=\"elementor-column elementor-col-50 elementor-inner-column elementor-element elementor-element-4159406\" data-id=\"4159406\" data-element_type=\"column\">\n\t\t\t<div class=\"elementor-widget-wrap elementor-element-populated\">\n\t\t\t\t\t\t<div class=\"elementor-element elementor-element-8bc6894 elementor-invisible elementor-widget elementor-widget-heading\" data-id=\"8bc6894\" data-element_type=\"widget\" data-settings=\"{&quot;_animation&quot;:&quot;fadeInUp&quot;,&quot;_animation_delay&quot;:600}\" data-widget_type=\"heading.default\">\n\t\t\t\t<div class=\"elementor-widget-container\">\n\t\t\t<h2 class=\"elementor-heading-title elementor-size-default\">Pronto estaremos aqu\u00ed con nuestro nuevo y fant\u00e1stico sitio. Suscr\u00edbete a nuestro bolet\u00edn para ser el primero en saber cu\u00e1ndo estar\u00e1 disponible. Mantente informado<\/h2>\t\t<\/div>\n\t\t\t\t<\/div>\n\t\t\t\t\t<\/div>\n\t\t<\/div>\n\t\t\t\t\t<\/div>\n\t\t<\/section>\n\t\t\t\t<section class=\"elementor-section elementor-inner-section elementor-element elementor-element-9bc0a72 elementor-section-boxed elementor-section-height-default elementor-section-height-default\" data-id=\"9bc0a72\" data-element_type=\"section\">\n\t\t\t\t\t\t<div class=\"elementor-container elementor-column-gap-default\">\n\t\t\t\t\t<div class=\"elementor-column elementor-col-100 elementor-inner-column elementor-element elementor-element-f800bfa\" data-id=\"f800bfa\" data-element_type=\"column\">\n\t\t\t<div class=\"elementor-widget-wrap elementor-element-populated\">\n\t\t\t\t\t\t<div class=\"elementor-element elementor-element-87a0b56 sr-mailchimp-message-text-center animated-slow elementor-invisible elementor-widget elementor-widget-sonaar-mailchimp\" data-id=\"87a0b56\" data-element_type=\"widget\" data-settings=\"{&quot;_animation&quot;:&quot;fadeInUp&quot;,&quot;_animation_delay&quot;:900}\" data-widget_type=\"sonaar-mailchimp.default\">\n\t\t\t\t<div class=\"elementor-widget-container\">\n\t\t\t\t\t<div   class=\"sr-mailchimp-wrap sr-mailchimp-stacked\" data-mailchimp-id=\"87a0b56\" data-api-key=\"af6c96c81d24c66aa7431139c9f45511-us3\" data-list-id=\"b893717c76\" data-button-text=\"Subscribe\" data-success-text=\"You have subscribed successfully!\" data-loading-text=\"Submitting...\" >\r\n\t\t<form action=\"#\" id=\"sr-mailchimp-form-87a0b56\" data-trp-original-action=\"#\">\r\n\t\t\t<div class=\"sr-form-fields-wrapper sr-mailchimp-fields-wrapper sr-mailchimp-btn-block\">\r\n\t\t\t\t<div class=\"sr-field-group sr-mailchimp-email\">\r\n\t\t\t\t\t<label for=\"\"><\/label>\r\n\t\t\t\t\t<input type=\"email\" name=\"sr_mailchimp_email\" class=\"sr-mailchimp-input\" placeholder=\"Correo electr\u00f3nico\" required=\"required\">\r\n\t\t\t\t<\/div>\r\n\t\t\t\t<div class=\"sr-field-group sr-mailchimp-fname\" style=\"display:none;\">\r\n\t\t\t\t\t<label for=\"First Name\">Nombre de pila<\/label>\r\n\t\t\t\t\t<input type=\"text\" name=\"sr_mailchimp_firstname\" class=\"sr-mailchimp-input\" placeholder=\"Nombre de pila\">\r\n\t\t\t\t<\/div>\r\n\t\t\t\t<div class=\"sr-field-group sr-mailchimp-lname\" style=\"display:none;\">\r\n\t\t\t\t\t<label for=\"Last Name\">Apellido<\/label>\r\n\t\t\t\t\t<input type=\"text\" name=\"sr_mailchimp_lastname\" class=\"sr-mailchimp-input\" placeholder=\"Apellido\">\r\n\t\t\t\t<\/div>\r\n\t\t\t\t<div class=\"sr-field-group sr-mailchimp-submit-btn\">\r\n\t\t\t\t\t<button id=\"sr-subscribe-87a0b56\" class=\"sr-load-more-button sr-mailchimp-subscribe\">\r\n\t\t\t\t\t\t<div class=\"sr-btn-loader button__loader\"><\/div>\r\n\t\t\t\t  \t\t<span>Subscribe<\/span>\r\n\t\t\t\t\t<\/button>\r\n\t\t\t\t<\/div>\r\n\t\t\t<\/div>\r\n\t\t<input type=\"hidden\" name=\"trp-form-language\" value=\"es\"\/><\/form>\r\n\t<\/div>\r\n\t\r\n\t\t\t<\/div>\n\t\t\t\t<\/div>\n\t\t\t\t\t<\/div>\n\t\t<\/div>\n\t\t\t\t\t<\/div>\n\t\t<\/section>\n\t\t\t\t\t<\/div>\n\t\t<\/div>\n\t\t\t\t\t<\/div>\n\t\t<\/section>\n\t\t\t\t<\/div>","protected":false},"excerpt":{"rendered":"<p>this websiteis coming soon. We&#8217;ll be here soon with our new awesome site. Subscribe to our newsletter to be the [&hellip;]<\/p>","protected":false},"author":2,"featured_media":0,"parent":0,"menu_order":2,"comment_status":"closed","ping_status":"closed","template":"","meta":{"footnotes":""},"class_list":["post-1938","page","type-page","status-publish","hentry"],"acf":[],"jetpack_sharing_enabled":true,"_links":{"self":[{"href":"https:\/\/ambreballestermusic.com\/es\/wp-json\/wp\/v2\/pages\/1938","targetHints":{"allow":["GET"]}}],"collection":[{"href":"https:\/\/ambreballestermusic.com\/es\/wp-json\/wp\/v2\/pages"}],"about":[{"href":"https:\/\/ambreballestermusic.com\/es\/wp-json\/wp\/v2\/types\/page"}],"author":[{"embeddable":true,"href":"https:\/\/ambreballestermusic.com\/es\/wp-json\/wp\/v2\/users\/2"}],"replies":[{"embeddable":true,"href":"https:\/\/ambreballestermusic.com\/es\/wp-json\/wp\/v2\/comments?post=1938"}],"version-history":[{"count":7,"href":"https:\/\/ambreballestermusic.com\/es\/wp-json\/wp\/v2\/pages\/1938\/revisions"}],"predecessor-version":[{"id":6071,"href":"https:\/\/ambreballestermusic.com\/es\/wp-json\/wp\/v2\/pages\/1938\/revisions\/6071"}],"wp:attachment":[{"href":"https:\/\/ambreballestermusic.com\/es\/wp-json\/wp\/v2\/media?parent=1938"}],"curies":[{"name":"wp","href":"https:\/\/api.w.org\/{rel}","templated":true}]}}