{"id":1767,"date":"2017-10-27T16:01:22","date_gmt":"2017-10-27T16:01:22","guid":{"rendered":"https:\/\/ambreballestermusic.com\/?page_id=1767"},"modified":"2025-06-27T15:41:04","modified_gmt":"2025-06-27T15:41:04","slug":"about-me","status":"publish","type":"page","link":"https:\/\/ambreballestermusic.com\/fr\/about-me\/","title":{"rendered":"\u00c0 propos"},"content":{"rendered":"<div data-elementor-type=\"wp-post\" data-elementor-id=\"1767\" class=\"elementor elementor-1767\">\n\t\t\t\t\t\t<section class=\"elementor-section elementor-top-section elementor-element elementor-element-23f45a6 elementor-section-boxed elementor-section-height-default elementor-section-height-default\" data-id=\"23f45a6\" data-element_type=\"section\">\n\t\t\t\t\t\t<div class=\"elementor-container elementor-column-gap-default\">\n\t\t\t\t\t<div class=\"elementor-column elementor-col-100 elementor-top-column elementor-element elementor-element-333b9fe\" data-id=\"333b9fe\" data-element_type=\"column\">\n\t\t\t<div class=\"elementor-widget-wrap elementor-element-populated\">\n\t\t\t\t\t\t<div class=\"elementor-element elementor-element-5dc5a0a elementor-invisible elementor-widget elementor-widget-heading\" data-id=\"5dc5a0a\" data-element_type=\"widget\" data-settings=\"{&quot;_animation&quot;:&quot;fadeInUp&quot;}\" data-widget_type=\"heading.default\">\n\t\t\t\t<div class=\"elementor-widget-container\">\n\t\t\t<h3 class=\"elementor-heading-title elementor-size-default\">\u00c0 PROPOS<\/h3>\t\t<\/div>\n\t\t\t\t<\/div>\n\t\t\t\t<div class=\"elementor-element elementor-element-6e68456 elementor-invisible elementor-widget elementor-widget-heading\" data-id=\"6e68456\" data-element_type=\"widget\" data-settings=\"{&quot;_animation&quot;:&quot;fadeInUp&quot;,&quot;_animation_delay&quot;:300}\" data-widget_type=\"heading.default\">\n\t\t\t\t<div class=\"elementor-widget-container\">\n\t\t\t<h1 class=\"elementor-heading-title elementor-size-default\">Ambre Ballester<\/h1>\t\t<\/div>\n\t\t\t\t<\/div>\n\t\t\t\t<div class=\"elementor-element elementor-element-8f62c50 elementor-invisible elementor-widget elementor-widget-heading\" data-id=\"8f62c50\" data-element_type=\"widget\" data-settings=\"{&quot;_animation&quot;:&quot;fadeInUp&quot;,&quot;_animation_delay&quot;:600}\" data-widget_type=\"heading.default\">\n\t\t\t\t<div class=\"elementor-widget-container\">\n\t\t\t<div class=\"elementor-heading-title elementor-size-default\">Un voyage qui a chang\u00e9 ma vie.<\/div>\t\t<\/div>\n\t\t\t\t<\/div>\n\t\t\t\t<div class=\"elementor-element elementor-element-0332ddc elementor-widget-divider--view-line elementor-invisible elementor-widget elementor-widget-divider\" data-id=\"0332ddc\" data-element_type=\"widget\" data-settings=\"{&quot;_animation&quot;:&quot;fadeInUp&quot;,&quot;_animation_delay&quot;:900}\" data-widget_type=\"divider.default\">\n\t\t\t\t<div class=\"elementor-widget-container\">\n\t\t\t\t\t<div class=\"elementor-divider\">\n\t\t\t<span class=\"elementor-divider-separator\">\n\t\t\t\t\t\t<\/span>\n\t\t<\/div>\n\t\t\t\t<\/div>\n\t\t\t\t<\/div>\n\t\t\t\t\t<\/div>\n\t\t<\/div>\n\t\t\t\t\t<\/div>\n\t\t<\/section>\n\t\t\t\t<section class=\"elementor-section elementor-top-section elementor-element elementor-element-2e8e169 elementor-section-stretched elementor-section-full_width elementor-section-height-default elementor-section-height-default\" data-id=\"2e8e169\" data-element_type=\"section\" data-settings=\"{&quot;stretch_section&quot;:&quot;section-stretched&quot;}\">\n\t\t\t\t\t\t<div class=\"elementor-container elementor-column-gap-default\">\n\t\t\t\t\t<div class=\"elementor-column elementor-col-100 elementor-top-column elementor-element elementor-element-ffd205d\" data-id=\"ffd205d\" data-element_type=\"column\">\n\t\t\t<div class=\"elementor-widget-wrap\">\n\t\t\t\t\t\t\t<\/div>\n\t\t<\/div>\n\t\t\t\t\t<\/div>\n\t\t<\/section>\n\t\t\t\t<section class=\"elementor-section elementor-top-section elementor-element elementor-element-63196a1 elementor-section-boxed elementor-section-height-default elementor-section-height-default\" data-id=\"63196a1\" data-element_type=\"section\">\n\t\t\t\t\t\t<div class=\"elementor-container elementor-column-gap-default\">\n\t\t\t\t\t<div class=\"elementor-column elementor-col-100 elementor-top-column elementor-element elementor-element-b78089d\" data-id=\"b78089d\" data-element_type=\"column\">\n\t\t\t<div class=\"elementor-widget-wrap elementor-element-populated\">\n\t\t\t\t\t\t<div class=\"elementor-element elementor-element-8cc9a0b elementor-invisible elementor-widget elementor-widget-heading\" data-id=\"8cc9a0b\" data-element_type=\"widget\" data-settings=\"{&quot;_animation&quot;:&quot;fadeInUp&quot;}\" data-widget_type=\"heading.default\">\n\t\t\t\t<div class=\"elementor-widget-container\">\n\t\t\t<h3 class=\"elementor-heading-title elementor-size-default\">CELA COMMENCE PAR<\/h3>\t\t<\/div>\n\t\t\t\t<\/div>\n\t\t\t\t<div class=\"elementor-element elementor-element-903c149 elementor-invisible elementor-widget elementor-widget-heading\" data-id=\"903c149\" data-element_type=\"widget\" data-settings=\"{&quot;_animation&quot;:&quot;fadeInUp&quot;}\" data-widget_type=\"heading.default\">\n\t\t\t\t<div class=\"elementor-widget-container\">\n\t\t\t<h3 class=\"elementor-heading-title elementor-size-default\">Une passion sans fin pour la musique<\/h3>\t\t<\/div>\n\t\t\t\t<\/div>\n\t\t\t\t<div class=\"elementor-element elementor-element-e62699e elementor-invisible elementor-widget elementor-widget-heading\" data-id=\"e62699e\" data-element_type=\"widget\" data-settings=\"{&quot;_animation&quot;:&quot;fadeInUp&quot;}\" data-widget_type=\"heading.default\">\n\t\t\t\t<div class=\"elementor-widget-container\">\n\t\t\t<h3 class=\"elementor-heading-title elementor-size-default\">Pour la d\u00e9couverte, pour les gens, pour la vie...<\/h3>\t\t<\/div>\n\t\t\t\t<\/div>\n\t\t\t\t<section class=\"elementor-section elementor-inner-section elementor-element elementor-element-9cfd66f elementor-section-boxed elementor-section-height-default elementor-section-height-default\" data-id=\"9cfd66f\" data-element_type=\"section\">\n\t\t\t\t\t\t<div class=\"elementor-container elementor-column-gap-wide\">\n\t\t\t\t\t<div class=\"elementor-column elementor-col-50 elementor-inner-column elementor-element elementor-element-911cbfa\" data-id=\"911cbfa\" data-element_type=\"column\">\n\t\t\t<div class=\"elementor-widget-wrap elementor-element-populated\">\n\t\t\t\t\t\t<div class=\"elementor-element elementor-element-020a2d4 elementor-drop-cap-yes elementor-drop-cap-view-framed elementor-invisible elementor-widget elementor-widget-text-editor\" data-id=\"020a2d4\" data-element_type=\"widget\" data-settings=\"{&quot;drop_cap&quot;:&quot;yes&quot;,&quot;_animation&quot;:&quot;fadeInUp&quot;}\" data-widget_type=\"text-editor.default\">\n\t\t\t\t<div class=\"elementor-widget-container\">\n\t\t\t\t\t\t\t<p><strong>Un Sonnet de la Riviera :<\/strong> N\u00e9e sous un ciel azur et caress\u00e9e par la douce brise de la M\u00e9diterran\u00e9e, Ambre Ballester a \u00e9merg\u00e9 comme un talent prodigieux des paysages enchanteurs de la C\u00f4te d&#039;Azur. C&#039;est dans ce berceau de beaut\u00e9 et d&#039;inspiration que son odyss\u00e9e musicale a commenc\u00e9, alors que les harmonies de la mer murmuraient des m\u00e9lodies dans son \u00e2me, d\u00e9clenchant une passion de toujours pour le son et le rythme.<\/p><p><strong>Le Maestro derri\u00e8re les platines\u00a0:<\/strong> Sous les projecteurs, Ambre Ballester assume son r\u00f4le de maestro derri\u00e8re les platines, orchestrant des symphonies d&#039;euphorie qui r\u00e9sonnent dans le c\u0153ur de son public. Avec une compr\u00e9hension intuitive du rythme et un engagement in\u00e9branlable envers la narration musicale, elle transforme les pistes de danse en cath\u00e9drales de bonheur sonore, o\u00f9 chaque rythme t\u00e9moigne de son talent et de son talent artistique in\u00e9gal\u00e9s.<\/p>\t\t\t\t\t\t<\/div>\n\t\t\t\t<\/div>\n\t\t\t\t\t<\/div>\n\t\t<\/div>\n\t\t\t\t<div class=\"elementor-column elementor-col-50 elementor-inner-column elementor-element elementor-element-4a69075\" data-id=\"4a69075\" data-element_type=\"column\">\n\t\t\t<div class=\"elementor-widget-wrap elementor-element-populated\">\n\t\t\t\t\t\t<div class=\"elementor-element elementor-element-032f6bb elementor-invisible elementor-widget elementor-widget-text-editor\" data-id=\"032f6bb\" data-element_type=\"widget\" data-settings=\"{&quot;_animation&quot;:&quot;fadeInUp&quot;,&quot;_animation_delay&quot;:300}\" data-widget_type=\"text-editor.default\">\n\t\t\t\t<div class=\"elementor-widget-container\">\n\t\t\t\t\t\t\t<p><strong>Compositeur extraordinaire :<\/strong> S&#039;aventurant au-del\u00e0 des limites de la cabine du DJ, Ambre Ballester d\u00e9voile ses prouesses en tant que compositrice extraordinaire, tissant des m\u00e9lodies complexes et des harmonies luxuriantes dans des tapisseries de merveilles sonores. Ses compositions sont le reflet de ses pens\u00e9es et \u00e9motions les plus intimes, invitant les auditeurs \u00e0 se lancer dans un voyage transcendant de d\u00e9couverte de soi et d&#039;introspection. A travers sa musique.<\/p><p><strong>Innovateur et alchimiste\u00a0:<\/strong> \u00c0 la pointe de l\u2019innovation musicale, Ambre Ballester assume le r\u00f4le \u00e0 la fois d\u2019innovateur et d\u2019alchimiste, transmuant le son brut en or sonore pur. Avec un sens aigu du d\u00e9tail et une curiosit\u00e9 insatiable pour l\u2019exp\u00e9rimentation, elle repousse les limites du possible, brouillant les fronti\u00e8res entre les genres et red\u00e9finissant l\u2019essence m\u00eame de la musique contemporaine.<\/p>\t\t\t\t\t\t<\/div>\n\t\t\t\t<\/div>\n\t\t\t\t\t<\/div>\n\t\t<\/div>\n\t\t\t\t\t<\/div>\n\t\t<\/section>\n\t\t\t\t\t<\/div>\n\t\t<\/div>\n\t\t\t\t\t<\/div>\n\t\t<\/section>\n\t\t\t\t<section class=\"elementor-section elementor-top-section elementor-element elementor-element-ab6bfe7 elementor-section-stretched elementor-section-full_width elementor-section-height-default elementor-section-height-default\" data-id=\"ab6bfe7\" data-element_type=\"section\" data-settings=\"{&quot;stretch_section&quot;:&quot;section-stretched&quot;}\">\n\t\t\t\t\t\t<div class=\"elementor-container elementor-column-gap-default\">\n\t\t\t\t\t<div class=\"elementor-column elementor-col-100 elementor-top-column elementor-element elementor-element-949780c\" data-id=\"949780c\" data-element_type=\"column\">\n\t\t\t<div class=\"elementor-widget-wrap elementor-element-populated\">\n\t\t\t\t\t\t<div class=\"elementor-element elementor-element-10d2763 elementor-invisible elementor-widget elementor-widget-image\" data-id=\"10d2763\" data-element_type=\"widget\" data-settings=\"{&quot;_animation&quot;:&quot;fadeIn&quot;,&quot;_animation_delay&quot;:1200}\" data-widget_type=\"image.default\">\n\t\t\t\t<div class=\"elementor-widget-container\">\n\t\t\t\t\t\t\t\t\t\t\t\t\t<img fetchpriority=\"high\" decoding=\"async\" width=\"2560\" height=\"1708\" src=\"https:\/\/ambreballestermusic.com\/wp-content\/uploads\/2025\/06\/AMBRE-DJ-x-Studio-9-scaled.jpg\" class=\"elementor-animation-push attachment-full size-full wp-image-6921\" alt=\"\" srcset=\"https:\/\/ambreballestermusic.com\/wp-content\/uploads\/2025\/06\/AMBRE-DJ-x-Studio-9-scaled.jpg 2560w, https:\/\/ambreballestermusic.com\/wp-content\/uploads\/2025\/06\/AMBRE-DJ-x-Studio-9-559x373.jpg 559w, https:\/\/ambreballestermusic.com\/wp-content\/uploads\/2025\/06\/AMBRE-DJ-x-Studio-9-1024x683.jpg 1024w, https:\/\/ambreballestermusic.com\/wp-content\/uploads\/2025\/06\/AMBRE-DJ-x-Studio-9-768x512.jpg 768w, https:\/\/ambreballestermusic.com\/wp-content\/uploads\/2025\/06\/AMBRE-DJ-x-Studio-9-1536x1025.jpg 1536w, https:\/\/ambreballestermusic.com\/wp-content\/uploads\/2025\/06\/AMBRE-DJ-x-Studio-9-2048x1366.jpg 2048w, https:\/\/ambreballestermusic.com\/wp-content\/uploads\/2025\/06\/AMBRE-DJ-x-Studio-9-18x12.jpg 18w\" sizes=\"(max-width: 2560px) 100vw, 2560px\" \/>\t\t\t\t\t\t\t\t\t\t\t\t\t<\/div>\n\t\t\t\t<\/div>\n\t\t\t\t\t<\/div>\n\t\t<\/div>\n\t\t\t\t\t<\/div>\n\t\t<\/section>\n\t\t\t\t<section class=\"elementor-section elementor-top-section elementor-element elementor-element-ba7a213 elementor-section-boxed elementor-section-height-default elementor-section-height-default\" data-id=\"ba7a213\" data-element_type=\"section\">\n\t\t\t\t\t\t<div class=\"elementor-container elementor-column-gap-default\">\n\t\t\t\t\t<div class=\"elementor-column elementor-col-100 elementor-top-column elementor-element elementor-element-2d47762\" data-id=\"2d47762\" data-element_type=\"column\">\n\t\t\t<div class=\"elementor-widget-wrap elementor-element-populated\">\n\t\t\t\t\t\t<div class=\"elementor-element elementor-element-d967ca3 elementor-widget-divider--view-line elementor-invisible elementor-widget elementor-widget-divider\" data-id=\"d967ca3\" data-element_type=\"widget\" data-settings=\"{&quot;_animation&quot;:&quot;fadeInUp&quot;}\" data-widget_type=\"divider.default\">\n\t\t\t\t<div class=\"elementor-widget-container\">\n\t\t\t\t\t<div class=\"elementor-divider\">\n\t\t\t<span class=\"elementor-divider-separator\">\n\t\t\t\t\t\t<\/span>\n\t\t<\/div>\n\t\t\t\t<\/div>\n\t\t\t\t<\/div>\n\t\t\t\t<div class=\"elementor-element elementor-element-211764b elementor-invisible elementor-widget elementor-widget-heading\" data-id=\"211764b\" data-element_type=\"widget\" data-settings=\"{&quot;_animation&quot;:&quot;fadeInUp&quot;}\" data-widget_type=\"heading.default\">\n\t\t\t\t<div class=\"elementor-widget-container\">\n\t\t\t<h3 class=\"elementor-heading-title elementor-size-default\">\u00c7a ne finit jamais<\/h3>\t\t<\/div>\n\t\t\t\t<\/div>\n\t\t\t\t<div class=\"elementor-element elementor-element-f17ac80 elementor-invisible elementor-widget elementor-widget-heading\" data-id=\"f17ac80\" data-element_type=\"widget\" data-settings=\"{&quot;_animation&quot;:&quot;fadeInUp&quot;}\" data-widget_type=\"heading.default\">\n\t\t\t\t<div class=\"elementor-widget-container\">\n\t\t\t<h1 class=\"elementor-heading-title elementor-size-default\">La passion ne meurt jamais. \u00c7a grandit<\/h1>\t\t<\/div>\n\t\t\t\t<\/div>\n\t\t\t\t<div class=\"elementor-element elementor-element-ee07763 elementor-invisible elementor-widget elementor-widget-heading\" data-id=\"ee07763\" data-element_type=\"widget\" data-settings=\"{&quot;_animation&quot;:&quot;fadeInUp&quot;}\" data-widget_type=\"heading.default\">\n\t\t\t\t<div class=\"elementor-widget-container\">\n\t\t\t<h2 class=\"elementor-heading-title elementor-size-default\">Restez affam\u00e9 et fort<\/h2>\t\t<\/div>\n\t\t\t\t<\/div>\n\t\t\t\t<div class=\"elementor-element elementor-element-1754a6a elementor-widget elementor-widget-spacer\" data-id=\"1754a6a\" data-element_type=\"widget\" data-widget_type=\"spacer.default\">\n\t\t\t\t<div class=\"elementor-widget-container\">\n\t\t\t\t\t<div class=\"elementor-spacer\">\n\t\t\t<div class=\"elementor-spacer-inner\"><\/div>\n\t\t<\/div>\n\t\t\t\t<\/div>\n\t\t\t\t<\/div>\n\t\t\t\t<div class=\"elementor-element elementor-element-4afc44c elementor-invisible elementor-widget elementor-widget-image\" data-id=\"4afc44c\" data-element_type=\"widget\" data-settings=\"{&quot;_animation&quot;:&quot;fadeInUp&quot;}\" data-widget_type=\"image.default\">\n\t\t\t\t<div class=\"elementor-widget-container\">\n\t\t\t\t\t\t\t\t\t\t\t\t\t<img decoding=\"async\" width=\"474\" height=\"230\" src=\"https:\/\/ambreballestermusic.com\/wp-content\/uploads\/2024\/05\/ambre-1.png\" class=\"attachment-full size-full wp-image-6120\" alt=\"\" \/>\t\t\t\t\t\t\t\t\t\t\t\t\t<\/div>\n\t\t\t\t<\/div>\n\t\t\t\t<div class=\"elementor-element elementor-element-c24e40e elementor-align-center elementor-invisible elementor-widget elementor-widget-button\" data-id=\"c24e40e\" data-element_type=\"widget\" data-settings=\"{&quot;_animation&quot;:&quot;fadeInUp&quot;}\" data-widget_type=\"button.default\">\n\t\t\t\t<div class=\"elementor-widget-container\">\n\t\t\t\t\t<div class=\"elementor-button-wrapper\">\n\t\t\t<a class=\"elementor-button elementor-button-link elementor-size-xs elementor-animation-bob\" href=\"https:\/\/ambreballestermusic.com\/fr\/contact\/\">\n\t\t\t\t\t\t<span class=\"elementor-button-content-wrapper\">\n\t\t\t\t\t\t<span class=\"elementor-button-icon\">\n\t\t\t\t<i aria-hidden=\"true\" class=\"fas fa-long-arrow-alt-right\"><\/i>\t\t\t<\/span>\n\t\t\t\t\t\t\t\t\t<span class=\"elementor-button-text\">Contactez-nous<\/span>\n\t\t\t\t\t<\/span>\n\t\t\t\t\t<\/a>\n\t\t<\/div>\n\t\t\t\t<\/div>\n\t\t\t\t<\/div>\n\t\t\t\t\t<\/div>\n\t\t<\/div>\n\t\t\t\t\t<\/div>\n\t\t<\/section>\n\t\t\t\t<\/div>","protected":false},"excerpt":{"rendered":"<p>\u00c0 PROPOS D&#039;Ambre Ballester Un voyage qui a chang\u00e9 ma vie. CELA COMMENCE PAR Une passion sans fin pour la musique \u00e0 la d\u00e9couverte, pour [\u2026]<\/p>","protected":false},"author":2,"featured_media":0,"parent":0,"menu_order":28,"comment_status":"closed","ping_status":"closed","template":"","meta":{"footnotes":""},"class_list":["post-1767","page","type-page","status-publish","hentry"],"acf":[],"jetpack_sharing_enabled":true,"_links":{"self":[{"href":"https:\/\/ambreballestermusic.com\/fr\/wp-json\/wp\/v2\/pages\/1767","targetHints":{"allow":["GET"]}}],"collection":[{"href":"https:\/\/ambreballestermusic.com\/fr\/wp-json\/wp\/v2\/pages"}],"about":[{"href":"https:\/\/ambreballestermusic.com\/fr\/wp-json\/wp\/v2\/types\/page"}],"author":[{"embeddable":true,"href":"https:\/\/ambreballestermusic.com\/fr\/wp-json\/wp\/v2\/users\/2"}],"replies":[{"embeddable":true,"href":"https:\/\/ambreballestermusic.com\/fr\/wp-json\/wp\/v2\/comments?post=1767"}],"version-history":[{"count":38,"href":"https:\/\/ambreballestermusic.com\/fr\/wp-json\/wp\/v2\/pages\/1767\/revisions"}],"predecessor-version":[{"id":6932,"href":"https:\/\/ambreballestermusic.com\/fr\/wp-json\/wp\/v2\/pages\/1767\/revisions\/6932"}],"wp:attachment":[{"href":"https:\/\/ambreballestermusic.com\/fr\/wp-json\/wp\/v2\/media?parent=1767"}],"curies":[{"name":"wp","href":"https:\/\/api.w.org\/{rel}","templated":true}]}}