{"id":27,"date":"2016-11-08T21:31:26","date_gmt":"2016-11-08T21:31:26","guid":{"rendered":"https:\/\/ambreballestermusic.com\/?page_id=27"},"modified":"2021-02-18T21:03:20","modified_gmt":"2021-02-18T21:03:20","slug":"donate","status":"publish","type":"page","link":"https:\/\/ambreballestermusic.com\/fr\/donate\/","title":{"rendered":"Faire un don"},"content":{"rendered":"<div data-elementor-type=\"wp-post\" data-elementor-id=\"27\" class=\"elementor elementor-27 elementor-bc-flex-widget\">\n\t\t\t\t\t\t<section class=\"elementor-section elementor-top-section elementor-element elementor-element-e410f2d elementor-section-stretched elementor-section-height-full animated-slow elementor-section-boxed elementor-section-height-default elementor-section-items-middle elementor-invisible\" data-id=\"e410f2d\" data-element_type=\"section\" data-settings=\"{&quot;stretch_section&quot;:&quot;section-stretched&quot;,&quot;background_background&quot;:&quot;classic&quot;,&quot;animation&quot;:&quot;fadeIn&quot;}\">\n\t\t\t\t\t\t\t<div class=\"elementor-background-overlay\"><\/div>\n\t\t\t\t\t\t\t<div class=\"elementor-container elementor-column-gap-default\">\n\t\t\t\t\t<div class=\"elementor-column elementor-col-100 elementor-top-column elementor-element elementor-element-f8134a9\" data-id=\"f8134a9\" data-element_type=\"column\">\n\t\t\t<div class=\"elementor-widget-wrap elementor-element-populated\">\n\t\t\t\t\t\t<div class=\"elementor-element elementor-element-5a2c03a sr-dual-header-content-align-center elementor-invisible elementor-widget elementor-widget-sr-dualheading\" data-id=\"5a2c03a\" data-element_type=\"widget\" data-settings=\"{&quot;_animation&quot;:&quot;fadeInUp&quot;}\" data-widget_type=\"sr-dualheading.default\">\n\t\t\t\t<div class=\"elementor-widget-container\">\n\t\t\t        <div class=\"sr-dual-header\">\r\n        <h2 class=\"title\"><span class=\"lead\">Faire un don &amp;<\/span> <span>Soutien<\/span><\/h2>\r\n       <span class=\"subtext\"><\/span>\r\n           <\/div>\r\n    \r\n    \r\n    \r\n    \r\n    \t\t<\/div>\n\t\t\t\t<\/div>\n\t\t\t\t<div class=\"elementor-element elementor-element-0e08f02 elementor-widget-divider--view-line elementor-invisible elementor-widget elementor-widget-divider\" data-id=\"0e08f02\" data-element_type=\"widget\" data-settings=\"{&quot;_animation&quot;:&quot;fadeInUp&quot;}\" data-widget_type=\"divider.default\">\n\t\t\t\t<div class=\"elementor-widget-container\">\n\t\t\t\t\t<div class=\"elementor-divider\">\n\t\t\t<span class=\"elementor-divider-separator\">\n\t\t\t\t\t\t<\/span>\n\t\t<\/div>\n\t\t\t\t<\/div>\n\t\t\t\t<\/div>\n\t\t\t\t<section class=\"elementor-section elementor-inner-section elementor-element elementor-element-27ed2c6 elementor-section-boxed elementor-section-height-default elementor-section-height-default\" data-id=\"27ed2c6\" data-element_type=\"section\">\n\t\t\t\t\t\t<div class=\"elementor-container elementor-column-gap-default\">\n\t\t\t\t\t<div class=\"elementor-column elementor-col-100 elementor-inner-column elementor-element elementor-element-ba57ef0\" data-id=\"ba57ef0\" data-element_type=\"column\">\n\t\t\t<div class=\"elementor-widget-wrap elementor-element-populated\">\n\t\t\t\t\t\t<div class=\"elementor-element elementor-element-80c60a6 elementor-invisible elementor-widget elementor-widget-text-editor\" data-id=\"80c60a6\" data-element_type=\"widget\" data-settings=\"{&quot;_animation&quot;:&quot;fadeInUp&quot;,&quot;_animation_delay&quot;:300}\" data-widget_type=\"text-editor.default\">\n\t\t\t\t<div class=\"elementor-widget-container\">\n\t\t\t\t\t\t\t<p><span style=\"color: #f5f5f5;\">SONAAR A TOUJOURS ADOPT\u00c9 LE PRINCIPE DE LA MUSIQUE GRATUITE. C&#039;EST POURQUOI NOUS VOUS OFFRONS CET ALBUM GRATUITEMENT. SI VOUS SOUTENEZ CETTE POLITIQUE PERSONNELLE DE MUSIQUE GRATUITE ET NOUS AIDEZ \u00c0 POURSUIVRE SUR CETTE VOIE, VOUS POUVEZ FAIRE UN DON DE VOTRE CHOIX ICI.<\/span><\/p>\t\t\t\t\t\t<\/div>\n\t\t\t\t<\/div>\n\t\t\t\t\t<\/div>\n\t\t<\/div>\n\t\t\t\t\t<\/div>\n\t\t<\/section>\n\t\t\t\t<div class=\"elementor-element elementor-element-32a98de elementor-widget elementor-widget-html\" data-id=\"32a98de\" data-element_type=\"widget\" data-widget_type=\"html.default\">\n\t\t\t\t<div class=\"elementor-widget-container\">\n\t\t\t<div class=\"form\" style=\"text-align: center;\"><form action=\"https:\/\/www.paypal.com\/cgi-bin\/webscr\" method=\"post\" target=\"_top\" data-trp-original-action=\"https:\/\/www.paypal.com\/cgi-bin\/webscr\"><input name=\"cmd\" type=\"hidden\" value=\"_s-xclick\" \/><input name=\"hosted_button_id\" type=\"hidden\" value=\"7798XY7PAM2P6\" \/><input alt=\"PayPal - The safer, easier way to pay online!\" name=\"submit\" src=\"https:\/\/www.paypalobjects.com\/en_US\/i\/btn\/btn_donateCC_LG.gif\" type=\"image\" \/><img decoding=\"async\" src=\"https:\/\/www.paypalobjects.com\/en_US\/i\/scr\/pixel.gif\" alt=\"\" width=\"1\" height=\"1\" border=\"0\" \/><input type=\"hidden\" name=\"trp-form-language\" value=\"fr\"\/><\/form><\/div>\t\t<\/div>\n\t\t\t\t<\/div>\n\t\t\t\t<div class=\"elementor-element elementor-element-248c0cd elementor-invisible elementor-widget elementor-widget-image\" data-id=\"248c0cd\" data-element_type=\"widget\" data-settings=\"{&quot;_animation&quot;:&quot;fadeInUp&quot;,&quot;_animation_delay&quot;:600}\" data-widget_type=\"image.default\">\n\t\t\t\t<div class=\"elementor-widget-container\">\n\t\t\t\t\t\t\t\t\t\t\t\t\t<img decoding=\"async\" width=\"220\" height=\"75\" src=\"https:\/\/ambreballestermusic.com\/wp-content\/uploads\/2018\/12\/signature-1.png\" class=\"attachment-large size-large wp-image-3681\" alt=\"\" \/>\t\t\t\t\t\t\t\t\t\t\t\t\t<\/div>\n\t\t\t\t<\/div>\n\t\t\t\t\t<\/div>\n\t\t<\/div>\n\t\t\t\t\t<\/div>\n\t\t<\/section>\n\t\t\t\t<\/div>","protected":false},"excerpt":{"rendered":"<p>Faire un don et soutenir SONAAR A TOUJOURS adh\u00e9r\u00e9 au principe selon lequel la musique doit \u00eatre accessible \u00e0 tous gratuitement [\u2026]<\/p>","protected":false},"author":2,"featured_media":0,"parent":0,"menu_order":34,"comment_status":"closed","ping_status":"closed","template":"","meta":{"footnotes":""},"class_list":["post-27","page","type-page","status-publish","hentry"],"acf":[],"jetpack_sharing_enabled":true,"_links":{"self":[{"href":"https:\/\/ambreballestermusic.com\/fr\/wp-json\/wp\/v2\/pages\/27","targetHints":{"allow":["GET"]}}],"collection":[{"href":"https:\/\/ambreballestermusic.com\/fr\/wp-json\/wp\/v2\/pages"}],"about":[{"href":"https:\/\/ambreballestermusic.com\/fr\/wp-json\/wp\/v2\/types\/page"}],"author":[{"embeddable":true,"href":"https:\/\/ambreballestermusic.com\/fr\/wp-json\/wp\/v2\/users\/2"}],"replies":[{"embeddable":true,"href":"https:\/\/ambreballestermusic.com\/fr\/wp-json\/wp\/v2\/comments?post=27"}],"version-history":[{"count":6,"href":"https:\/\/ambreballestermusic.com\/fr\/wp-json\/wp\/v2\/pages\/27\/revisions"}],"predecessor-version":[{"id":6066,"href":"https:\/\/ambreballestermusic.com\/fr\/wp-json\/wp\/v2\/pages\/27\/revisions\/6066"}],"wp:attachment":[{"href":"https:\/\/ambreballestermusic.com\/fr\/wp-json\/wp\/v2\/media?parent=27"}],"curies":[{"name":"wp","href":"https:\/\/api.w.org\/{rel}","templated":true}]}}